{"id":15,"date":"2021-06-22T10:13:03","date_gmt":"2021-06-22T10:13:03","guid":{"rendered":"http:\/\/ramlov.ee\/?page_id=15"},"modified":"2022-04-24T10:37:09","modified_gmt":"2022-04-24T10:37:09","slug":"ajaveeb","status":"publish","type":"page","link":"http:\/\/ramlov.ee\/?page_id=15","title":{"rendered":"Koolitused"},"content":{"rendered":"\n<p><strong>2022. AASTA KEVADHOOAJA VIIMANE TARO KAARTIDE ALGKURSUS<\/strong><br><br><strong>14. mai, 28. mai ja 14. juuni<\/strong> <br><br>Et aeg hakkab vaikselt j\u00f5udma suvesse ning 2022. aasta kevadhooaeg hakkab sellega ka \u00fchele poole saama, siis on aeg kuulutada v\u00e4lja selle kevade viimane taro algkursus. Kursus toimub kolmel laup\u00e4eval \u00fcle n\u00e4dala. Alustame hommikul 10.30 paiku ja l\u00f5petame 16.00-16.30 ajal. Kellaajad v\u00f5ivad veidi muutuda, sest ma tulen ise Paldiskist ning kui rongiplaanid peaks muutuma, siis on v\u00e4ikesed muudatused v\u00f5imalikud.<br>Algkursusel k\u00e4ime l\u00e4bi kaartide t\u00e4hendused ja r\u00e4\u00e4gime kaardipanemise \u00fcldistest alustest: mida ja kuidas k\u00fcsida, kuidas h\u00e4\u00e4lestuda, kuidas pakist kaarte t\u00f5mmata, milliseid ladumisviise kasutada jne. Eraldi puudutame kaartide t\u00e4hendusi ka n\u00e4idiseks v\u00f5etud hobuseraua ladumise ja suhte ladumise eri positsioonides. Samuti r\u00e4\u00e4gime Rider-Waite kaartide t\u00e4hendustest, kui kaart tuleb v\u00e4lja tagurpidi.<br><br>Kursus keskendub kahele eri pakile: Rider Waite, kui s\u00fcndmuste ja olukordade vaatlemise pakile ning Osho Zen Tarot, kui meeleseisundite ja vaimse tasandi vaatlemise pakile.<br><br>Kursuse hind on 180.- EUR<br><br>Registreerumine e-mailil tarot@ramlov.ee <br>Info telefonil 58174302<\/p>\n","protected":false},"excerpt":{"rendered":"<p>2022. AASTA KEVADHOOAJA VIIMANE TARO KAARTIDE ALGKURSUS 14. mai, 28. mai ja 14. juuni Et aeg hakkab vaikselt j\u00f5udma suvesse ning 2022. aasta kevadhooaeg hakkab sellega ka \u00fchele poole saama, siis on aeg kuulutada v\u00e4lja selle kevade viimane taro algkursus. Kursus toimub kolmel laup\u00e4eval \u00fcle n\u00e4dala. Alustame hommikul 10.30 paiku ja l\u00f5petame 16.00-16.30 ajal. Kellaajad&#8230;<\/p>\n","protected":false},"author":1,"featured_media":0,"parent":0,"menu_order":0,"comment_status":"closed","ping_status":"closed","template":"","meta":{"footnotes":""},"class_list":["post-15","page","type-page","status-publish","hentry"],"_links":{"self":[{"href":"http:\/\/ramlov.ee\/index.php?rest_route=\/wp\/v2\/pages\/15","targetHints":{"allow":["GET"]}}],"collection":[{"href":"http:\/\/ramlov.ee\/index.php?rest_route=\/wp\/v2\/pages"}],"about":[{"href":"http:\/\/ramlov.ee\/index.php?rest_route=\/wp\/v2\/types\/page"}],"author":[{"embeddable":true,"href":"http:\/\/ramlov.ee\/index.php?rest_route=\/wp\/v2\/users\/1"}],"replies":[{"embeddable":true,"href":"http:\/\/ramlov.ee\/index.php?rest_route=%2Fwp%2Fv2%2Fcomments&post=15"}],"version-history":[{"count":4,"href":"http:\/\/ramlov.ee\/index.php?rest_route=\/wp\/v2\/pages\/15\/revisions"}],"predecessor-version":[{"id":48,"href":"http:\/\/ramlov.ee\/index.php?rest_route=\/wp\/v2\/pages\/15\/revisions\/48"}],"wp:attachment":[{"href":"http:\/\/ramlov.ee\/index.php?rest_route=%2Fwp%2Fv2%2Fmedia&parent=15"}],"curies":[{"name":"wp","href":"https:\/\/api.w.org\/{rel}","templated":true}]}}